{"id":1721,"date":"2021-04-08T09:55:32","date_gmt":"2021-04-08T07:55:32","guid":{"rendered":"http:\/\/chateaufeuillet.it\/?page_id=1721"},"modified":"2023-09-18T09:08:21","modified_gmt":"2023-09-18T07:08:21","slug":"lentreprise","status":"publish","type":"page","link":"https:\/\/chateaufeuillet.it\/fr\/lentreprise\/","title":{"rendered":"L&#8217;entreprise"},"content":{"rendered":"\t\t<div data-elementor-type=\"wp-page\" data-elementor-id=\"1721\" class=\"elementor elementor-1721 elementor-29\" data-elementor-post-type=\"page\">\n\t\t\t\t\t\t<section class=\"elementor-section elementor-top-section elementor-element elementor-element-4cc1ba5 elementor-section-full_width elementor-section-height-default elementor-section-height-default\" data-id=\"4cc1ba5\" data-element_type=\"section\" data-e-type=\"section\" data-settings=\"{&quot;background_background&quot;:&quot;classic&quot;}\">\n\t\t\t\t\t\t<div class=\"elementor-container elementor-column-gap-no\">\n\t\t\t\t\t<div class=\"elementor-column elementor-col-33 elementor-top-column elementor-element elementor-element-29aa195 elementor-hidden-tablet elementor-hidden-phone\" data-id=\"29aa195\" data-element_type=\"column\" data-e-type=\"column\">\n\t\t\t<div class=\"elementor-widget-wrap elementor-element-populated\">\n\t\t\t\t\t\t<div class=\"elementor-element elementor-element-6d19152 elementor-widget elementor-widget-image\" data-id=\"6d19152\" data-element_type=\"widget\" data-e-type=\"widget\" data-widget_type=\"image.default\">\n\t\t\t\t\t\t\t\t\t\t\t\t\t\t\t<img decoding=\"async\" width=\"61\" height=\"499\" src=\"https:\/\/chateaufeuillet.it\/2020\/wp-content\/uploads\/2020\/11\/Logo.png\" class=\"attachment-large size-large wp-image-1724\" alt=\"\" \/>\t\t\t\t\t\t\t\t\t\t\t\t\t\t\t<\/div>\n\t\t\t\t\t<\/div>\n\t\t<\/div>\n\t\t\t\t<div class=\"elementor-column elementor-col-33 elementor-top-column elementor-element elementor-element-813d024\" data-id=\"813d024\" data-element_type=\"column\" data-e-type=\"column\">\n\t\t\t<div class=\"elementor-widget-wrap elementor-element-populated\">\n\t\t\t\t\t\t<div class=\"elementor-element elementor-element-90a70f5 elementor-widget elementor-widget-image\" data-id=\"90a70f5\" data-element_type=\"widget\" data-e-type=\"widget\" data-widget_type=\"image.default\">\n\t\t\t\t\t\t\t\t\t\t\t\t\t\t\t<img fetchpriority=\"high\" decoding=\"async\" width=\"440\" height=\"558\" src=\"https:\/\/chateaufeuillet.it\/2020\/wp-content\/uploads\/2020\/11\/Chateau-Feuillet-Maurizio-Fiorano-foto-Maurizio.png\" class=\"attachment-full size-full wp-image-1727\" alt=\"\" srcset=\"https:\/\/chateaufeuillet.it\/2020\/wp-content\/uploads\/2020\/11\/Chateau-Feuillet-Maurizio-Fiorano-foto-Maurizio.png 440w, https:\/\/chateaufeuillet.it\/2020\/wp-content\/uploads\/2020\/11\/Chateau-Feuillet-Maurizio-Fiorano-foto-Maurizio-237x300.png 237w\" sizes=\"(max-width: 440px) 100vw, 440px\" \/>\t\t\t\t\t\t\t\t\t\t\t\t\t\t\t<\/div>\n\t\t\t\t\t<\/div>\n\t\t<\/div>\n\t\t\t\t<div class=\"elementor-column elementor-col-33 elementor-top-column elementor-element elementor-element-1b25cea\" data-id=\"1b25cea\" data-element_type=\"column\" data-e-type=\"column\">\n\t\t\t<div class=\"elementor-widget-wrap elementor-element-populated\">\n\t\t\t\t\t\t<div class=\"elementor-element elementor-element-1ab9711 elementor-widget elementor-widget-heading\" data-id=\"1ab9711\" data-element_type=\"widget\" data-e-type=\"widget\" data-widget_type=\"heading.default\">\n\t\t\t\t\t<h2 class=\"elementor-heading-title elementor-size-default\">Depuis 1997<\/h2>\t\t\t\t<\/div>\n\t\t\t\t<div class=\"elementor-element elementor-element-ae7a0b0 elementor-widget elementor-widget-text-editor\" data-id=\"ae7a0b0\" data-element_type=\"widget\" data-e-type=\"widget\" data-widget_type=\"text-editor.default\">\n\t\t\t\t\t\t\t\t\t<p>Tout pr\u00e8s d\u2019Aoste et dans l\u2019aire de production du Torrette, c\u2019est ici que se trouve cette petite exploitation d\u2019environ trois hectares. <\/p>\n<p>L\u2019entreprise vinicole du Ch\u00e2teau Feuillet na\u00eet en 1997, mais elle tire ses origines d\u2019une tradition vinicole d\u00e9j\u00e0 commenc\u00e9e par grand-p\u00e8re Tinet dans les ann\u00e9es soixante, fond\u00e9e sur la production de vin pour la consommation familiale. <\/p>\n<p>Avec le renouvellement des vignobles et l\u2019expansion d\u2019entreprises, notre exploitation a atteint 80.000 mc de terres cultiv\u00e9es et 45.000 bouteilles par an sur le march\u00e9. <\/p>\t\t\t\t\t\t\t\t<\/div>\n\t\t\t\t<div class=\"elementor-element elementor-element-5c7ae29 elementor-widget elementor-widget-heading\" data-id=\"5c7ae29\" data-element_type=\"widget\" data-e-type=\"widget\" data-widget_type=\"heading.default\">\n\t\t\t\t\t<h2 class=\"elementor-heading-title elementor-size-default\">On vous attend dans notre cave<\/h2>\t\t\t\t<\/div>\n\t\t\t\t<div class=\"elementor-element elementor-element-cf0cd9d elementor-widget elementor-widget-text-editor\" data-id=\"cf0cd9d\" data-element_type=\"widget\" data-e-type=\"widget\" data-widget_type=\"text-editor.default\">\n\t\t\t\t\t\t\t\t\t<p>Venez visiter notre cave. Maurizio vous fera d\u00e9couvrir les stades de la production de nos vins : depuis la r\u00e9colte jusqu\u2019au foulage, depuis la fermentation jusqu\u2019au embouteillage\u2026 et enfin le vieillissement.<\/p>\n\t\t\t\t\t\t\t\t<\/div>\n\t\t\t\t<div class=\"elementor-element elementor-element-7df468d elementor-widget elementor-widget-heading\" data-id=\"7df468d\" data-element_type=\"widget\" data-e-type=\"widget\" data-widget_type=\"heading.default\">\n\t\t\t\t\t<h2 class=\"elementor-heading-title elementor-size-default\">O\u00f9 vous go\u00fbterez nos vins<\/h2>\t\t\t\t<\/div>\n\t\t\t\t<div class=\"elementor-element elementor-element-4326138 elementor-widget elementor-widget-text-editor\" data-id=\"4326138\" data-element_type=\"widget\" data-e-type=\"widget\" data-widget_type=\"text-editor.default\">\n\t\t\t\t\t\t\t\t\t<p>Pendant la visite vous aurez la possibilit\u00e9 de go\u00fbter nos vins avec le producteur qui vous fera appr\u00e9cier chaque nuance subtile. La d\u00e9gustation sera accompagn\u00e9e de produits typiques de la gastronomie vald\u00f4taine.  <\/p>\n\t\t\t\t\t\t\t\t<\/div>\n\t\t\t\t<div class=\"elementor-element elementor-element-3b650f8 elementor-widget elementor-widget-heading\" data-id=\"3b650f8\" data-element_type=\"widget\" data-e-type=\"widget\" data-widget_type=\"heading.default\">\n\t\t\t\t\t<h2 class=\"elementor-heading-title elementor-size-default\">Et vous pourrez porter chez vous un peu de nous<\/h2>\t\t\t\t<\/div>\n\t\t\t\t<div class=\"elementor-element elementor-element-ab6b015 elementor-widget elementor-widget-text-editor\" data-id=\"ab6b015\" data-element_type=\"widget\" data-e-type=\"widget\" data-widget_type=\"text-editor.default\">\n\t\t\t\t\t\t\t\t\t<p>Apr\u00e8s la visite vous pourrez acheter directement dans la cave tous nos vins.<br \/>\nEn outre, nous livrons dans toute l\u2019Italie.<\/p>\n\t\t\t\t\t\t\t\t<\/div>\n\t\t\t\t\t<\/div>\n\t\t<\/div>\n\t\t\t\t\t<\/div>\n\t\t<\/section>\n\t\t\t\t<\/div>\n\t\t","protected":false},"excerpt":{"rendered":"<p>Depuis 1997 Tout pr\u00e8s d\u2019Aoste et dans l\u2019aire de production du Torrette, c\u2019est ici que se trouve cette petite exploitation d\u2019environ trois hectares. L\u2019entreprise vinicole du Ch\u00e2teau Feuillet na\u00eet en 1997, mais elle tire ses origines d\u2019une tradition vinicole d\u00e9j\u00e0 commenc\u00e9e par grand-p\u00e8re Tinet dans les ann\u00e9es soixante, fond\u00e9e sur la production de vin pour [&hellip;]<\/p>\n","protected":false},"author":1,"featured_media":0,"parent":0,"menu_order":0,"comment_status":"closed","ping_status":"closed","template":"elementor_header_footer","meta":{"footnotes":""},"class_list":["post-1721","page","type-page","status-publish","hentry"],"_links":{"self":[{"href":"https:\/\/chateaufeuillet.it\/fr\/wp-json\/wp\/v2\/pages\/1721","targetHints":{"allow":["GET"]}}],"collection":[{"href":"https:\/\/chateaufeuillet.it\/fr\/wp-json\/wp\/v2\/pages"}],"about":[{"href":"https:\/\/chateaufeuillet.it\/fr\/wp-json\/wp\/v2\/types\/page"}],"author":[{"embeddable":true,"href":"https:\/\/chateaufeuillet.it\/fr\/wp-json\/wp\/v2\/users\/1"}],"replies":[{"embeddable":true,"href":"https:\/\/chateaufeuillet.it\/fr\/wp-json\/wp\/v2\/comments?post=1721"}],"version-history":[{"count":5,"href":"https:\/\/chateaufeuillet.it\/fr\/wp-json\/wp\/v2\/pages\/1721\/revisions"}],"predecessor-version":[{"id":2379,"href":"https:\/\/chateaufeuillet.it\/fr\/wp-json\/wp\/v2\/pages\/1721\/revisions\/2379"}],"wp:attachment":[{"href":"https:\/\/chateaufeuillet.it\/fr\/wp-json\/wp\/v2\/media?parent=1721"}],"curies":[{"name":"wp","href":"https:\/\/api.w.org\/{rel}","templated":true}]}}